{"id":11,"date":"2017-12-19T22:40:26","date_gmt":"2017-12-19T21:40:26","guid":{"rendered":"http:\/\/wynajem-busow.mediaones.pl\/?page_id=11"},"modified":"2026-02-12T15:06:19","modified_gmt":"2026-02-12T14:06:19","slug":"kontakt","status":"publish","type":"page","link":"http:\/\/busywynajem.eu\/?page_id=11","title":{"rendered":"Kontakt"},"content":{"rendered":"<p>[vc_row full_width=&#8221;stretch_row&#8221;][vc_column]\n    <section\n            class=\"contact-section  vc_custom_1770905179284 \"  >\n        <div class=\"container\">\n            <div class=\"project-title title\">\n            <span class=\"sm-title\">Masz pytanie?<\/span>\n                <h2 class=\"box-header\">Napisz do nas!<\/h2>\n                <p>Adres e-mail: marcel67@op.pl - Telefon: +48 516 301 201 lub +48 504 446 322<\/p>\n            <\/div>\n            <div class=\"col-md-8\">\n\t\t\t\t                    <form class=\"ajax_form_send_mail\" novalidate=\"novalidate\" id=\"contact-form\">\n                        <div class=\"row\">\n                            <div class=\"col-md-6\">\n                                <input name=\"quote-name\" id=\"quote-name\" required type=\"text\"\n                                       placeholder=\"Imi\u0119 i nazwisko *\">\n                            <\/div>\n                            <div class=\"col-md-6\">\n                                <input name=\"quote-email\" id=\"mail\" required type=\"email\"\n                                       placeholder=\"Email *\">\n                            <\/div>\n                        <\/div>\n                        <textarea required name=\"quote-message\" id=\"comment\"\n                                  placeholder=\"Wiadomo\u015b\u0107\"><\/textarea>\n                        <div class=\"ajax_res_msg\"><\/div>\n                        <input class=\"btn\" type=\"submit\" id=\"submit_contact\" value=\"Wy\u015blij wiadomo\u015b\u0107\">\n                        <div id=\"msg\" class=\"message\"><\/div>\n                    <\/form>\n\t\t\t\t            <\/div>\n            <div class=\"col-md-4\">\n                <div class=\"contact-info\">\n                    <h2>Dane kontaktowe<\/h2>\n                    <p>Mo\u017cesz skontaktowa\u0107 si\u0119 z nami w ka\u017cdy dzie\u0144 tygodnia w godzinach od 8:00 do 22:00<\/p>\n                    <ul class=\"information-list\">\n\t\t\t\t\t\t                                <li><i class=\"fa icon icon-Time\"><\/i>ul. Chopina 35a, Stare Budy\n96-316 Mi\u0119dzybor\u00f3w<\/li>\n\t\t\t\t\t\t\t\t                                <li><i class=\"fa icon icon-Time\"><\/i> +48 516 301 201<\/li>\n\t\t\t\t\t\t\t\t                                <li><i class=\"fa icon icon-Time\"><\/i> +48 504 446 322 <\/li>\n\t\t\t\t\t\t\t\t                                <li><i class=\"fa icon icon-Time\"><\/i>marcel67@op.pl<\/li>\n\t\t\t\t\t\t\t\t\t\t\t\t\t\t\n                    <\/ul>\n                <\/div>\n            <\/div>\n\n        <\/div>\n    <\/section>\n\n\n\t[\/vc_column][\/vc_row]<\/p>\n","protected":false},"excerpt":{"rendered":"<p>[\/vc_row]<\/p>\n","protected":false},"author":1,"featured_media":0,"parent":0,"menu_order":0,"comment_status":"closed","ping_status":"closed","template":"template-fullwidth-wit-container.php","meta":{"footnotes":""},"class_list":["post-11","page","type-page","status-publish","hentry"],"aioseo_notices":[],"_links":{"self":[{"href":"http:\/\/busywynajem.eu\/index.php?rest_route=\/wp\/v2\/pages\/11","targetHints":{"allow":["GET"]}}],"collection":[{"href":"http:\/\/busywynajem.eu\/index.php?rest_route=\/wp\/v2\/pages"}],"about":[{"href":"http:\/\/busywynajem.eu\/index.php?rest_route=\/wp\/v2\/types\/page"}],"author":[{"embeddable":true,"href":"http:\/\/busywynajem.eu\/index.php?rest_route=\/wp\/v2\/users\/1"}],"replies":[{"embeddable":true,"href":"http:\/\/busywynajem.eu\/index.php?rest_route=%2Fwp%2Fv2%2Fcomments&post=11"}],"version-history":[{"count":21,"href":"http:\/\/busywynajem.eu\/index.php?rest_route=\/wp\/v2\/pages\/11\/revisions"}],"predecessor-version":[{"id":741,"href":"http:\/\/busywynajem.eu\/index.php?rest_route=\/wp\/v2\/pages\/11\/revisions\/741"}],"wp:attachment":[{"href":"http:\/\/busywynajem.eu\/index.php?rest_route=%2Fwp%2Fv2%2Fmedia&parent=11"}],"curies":[{"name":"wp","href":"https:\/\/api.w.org\/{rel}","templated":true}]}}