{"id":7,"date":"2017-12-19T22:40:06","date_gmt":"2017-12-19T21:40:06","guid":{"rendered":"http:\/\/wynajem-busow.mediaones.pl\/?page_id=7"},"modified":"2022-03-08T14:26:46","modified_gmt":"2022-03-08T13:26:46","slug":"o-nas","status":"publish","type":"page","link":"http:\/\/busywynajem.eu\/?page_id=7","title":{"rendered":"O nas"},"content":{"rendered":"<p>[vc_row][vc_column][vc_column_text]<\/p>\n<h2><strong>Wynajmij Busa w Warszawie!<\/strong><\/h2>\n<p>[\/vc_column_text][vc_row_inner][vc_column_inner width=&#8221;1\/2&#8243;][vc_column_text]Jeste\u015bmy firm\u0105 znajduj\u0105c\u0105 si\u0119 w Milan\u00f3wku ko\u0142o Warszawy. W swojej ofercie mamy dla Pa\u0144stwa mo\u017cliwo\u015b\u0107 wynaj\u0119cia wi\u0119kszych aut dla podr\u00f3\u017cuj\u0105cych. Nasza flota to 9-osobowe busy marki Renault Traffic oraz Mercedesy Vito Tourer z automatyczn\u0105 skrzyni\u0105 bieg\u00f3w. Zainwestowali\u015bmy w dobre busy, poniewa\u017c wiemy jak wa\u017cny jest komfort jazdy. Skupili\u015bmy si\u0119 na jako\u015bci, niezawodno\u015bci i bezpiecze\u0144stwie.<\/p>\n<p>Wierzymy w magi\u0119 podr\u00f3\u017cy busami. W dzisiejszym \u015bwiecie ciasne, szale\u0144cze podr\u00f3\u017ce autokarowe nie s\u0105 uwielbiane przez spo\u0142ecze\u0144stwo, dlatego oferujemy mo\u017cliwo\u015b\u0107 wynajmu auta i podr\u00f3\u017cowania tylko w ma\u0142ych grupach. Naszym celem jest sprawi\u0107, aby ka\u017cda podr\u00f3\u017c naszym busem by\u0142a relaksuj\u0105cym, przyjemnym do\u015bwiadczeniem dla naszych pasa\u017cer\u00f3w.<\/p>\n<p>D\u0105\u017cymy do jako\u015bci we wszystkim, co robimy, od floty luksusowych i komfortowych pojazd\u00f3w po \u015bwietn\u0105 obs\u0142ug\u0119 klienta. Jako firma jeste\u015bmy w stanie zaoferowa\u0107 przyjazne, osobiste podej\u015bcie rzadko spotykane w bran\u017cy transportowej. Dlatego du\u017ca cz\u0119\u015b\u0107 naszej dzia\u0142alno\u015bci pochodzi od lokalnych poleconych i sta\u0142ych klient\u00f3w. Jeste\u015bmy bardzo dumni z tej reputacji i ufamy, \u017ce nasi klienci b\u0119d\u0105 nas poleca\u0107 przez wiele kolejnych lat.[\/vc_column_text][\/vc_column_inner][vc_column_inner width=&#8221;1\/2&#8243;][vc_single_image image=&#8221;211&#8243; img_size=&#8221;full&#8221;][\/vc_column_inner][\/vc_row_inner][vc_column_text]<\/p>\n<h2><strong>Podr\u00f3\u017cuj wygodnie 9 osobowym busem!<\/strong><\/h2>\n<p>[\/vc_column_text][vc_column_text]Wierzymy w magi\u0119 podr\u00f3\u017cy busami. W dzisiejszym \u015bwiecie ciasne, szale\u0144cze podr\u00f3\u017ce autokarowe nie s\u0105 uwielbiane przez spo\u0142ecze\u0144stwo, dlatego oferujemy mo\u017cliwo\u015b\u0107 wynajmu auta i podr\u00f3\u017cowania tylko w ma\u0142ych grupach. Naszym celem jest sprawi\u0107, aby ka\u017cda podr\u00f3\u017c naszym busem by\u0142a relaksuj\u0105cym, przyjemnym do\u015bwiadczeniem dla naszych pasa\u017cer\u00f3w.<\/p>\n<p>D\u0105\u017cymy do jako\u015bci we wszystkim, co robimy, od floty luksusowych i komfortowych pojazd\u00f3w po \u015bwietn\u0105 obs\u0142ug\u0119 klienta. Jako firma jeste\u015bmy w stanie zaoferowa\u0107 przyjazne, osobiste podej\u015bcie rzadko spotykane w bran\u017cy transportowej. Dlatego du\u017ca cz\u0119\u015b\u0107 naszej dzia\u0142alno\u015bci pochodzi od lokalnych poleconych i sta\u0142ych klient\u00f3w. Jeste\u015bmy bardzo dumni z tej reputacji i ufamy, \u017ce nasi klienci b\u0119d\u0105 nas poleca\u0107 przez wiele kolejnych lat.[\/vc_column_text][vc_column_text]<\/p>\n<h2><strong>Dlaczego warto wynaj\u0105\u0107 busa? Poznaj zalety tego pojazdu!<\/strong><\/h2>\n<p>[\/vc_column_text][vc_column_text]<strong>Coraz wi\u0119cej os\u00f3b decyduje si\u0119 na podr\u00f3\u017cowanie busem. To wyj\u0105tkowo wygodny, bezpieczny i stosunkowo niedrogi \u015brodek transportu.<\/strong><\/p>\n<p><strong> Dlaczego warto wynaj\u0105\u0107 busa?<\/strong><strong>\u00a0<\/strong><\/p>\n<p>W Polsce pojawia si\u0119 coraz wi\u0119cej firm oferuj\u0105cych wynajem bus\u00f3w. Nic dziwnego. Zainteresowanie tego typu rozwi\u0105zaniem jest coraz popularniejsze. Busy s\u0105 wygodnym, bezpiecznym i oszcz\u0119dnym sposobem na przyjemne podr\u00f3\u017cowanie. Poznajmy bli\u017cej ich zalety!<\/p>\n<p><strong>Wynajem busa \u2013 komfort, bezpiecze\u0144stwo i oszcz\u0119dno\u015b\u0107<\/strong><\/p>\n<p>Kiedy planujemy na przyk\u0142ad d\u0142u\u017cszy wyjazd z rodzin\u0105 czy przyjaci\u00f3\u0142mi, wynajem busa mo\u017ce okaza\u0107 si\u0119 najlepsz\u0105 opcj\u0105. Po pierwsze, na pewno wszyscy si\u0119 zmieszcz\u0105. Po drugie, mo\u017cemy wzi\u0105\u0107 wszystko, co potrzebne. Bez trudu zmie\u015bcimy bowiem r\u00f3\u017cnorodne baga\u017ce do takiego pojazdu. Po trzecie, to doskona\u0142a oszcz\u0119dno\u015b\u0107. Przy wi\u0119kszej grupie potrzebne by\u0142yby co najmniej dwa lub trzy samochody osobowe, a to generowa\u0142oby z pewno\u015bci\u0105 wi\u0119ksze koszta.<\/p>\n<p>Bardzo du\u017c\u0105 zalet\u0105 wynajmu busa jest to, \u017ce kierowcy mog\u0105 si\u0119 co jaki\u015b czas wymienia\u0107. Do dyspozycji mamy zdecydowanie wi\u0119cej os\u00f3b ni\u017c w przypadku samochodu osobowego. Najlepiej na samym pocz\u0105tku podr\u00f3\u017cy ustali\u0107, kto kolejno b\u0119dzie prowadzi\u0142 pojazd. Dzi\u0119ki temu mo\u017cna odpowiednio roz\u0142o\u017cy\u0107 si\u0142y. Warto doda\u0107, \u017ce prowadzenie busa nie sprawi do\u015bwiadczonemu kierowcy \u017cadnych trudno\u015bci. To stosunkowo niewielki pojazd, kt\u00f3rym mo\u017cna porusza\u0107 si\u0119 nawet w trudniejszym terenie (w\u0105skie uliczki, kr\u0119te drogi).<\/p>\n<p>W ofercie znajdziemy r\u00f3wnie\u017c opcj\u0119 wynajmu busa z profesjonalnym kierowc\u0105. Dzi\u0119ki temu nie musimy martwi\u0107 si\u0119 nieznajomo\u015bci\u0105 trasy czy zm\u0119czeniem. Mo\u017cemy cieszy\u0107 si\u0119 podr\u00f3\u017c\u0105, bez \u017cadnych obci\u0105\u017ce\u0144. Takie rozwi\u0105zanie b\u0119dzie jednak dro\u017csze.<\/p>\n<p>Na li\u015bcie zalet podr\u00f3\u017cowania busem nale\u017cy r\u00f3wnie\u017c umie\u015bci\u0107 mo\u017cliwo\u015b\u0107 sp\u0119dzenia czasu w wi\u0119kszym gronie podczas podr\u00f3\u017cy. Mo\u017cna swobodnie rozmawia\u0107 lub odpoczywa\u0107. Taka wycieczka z pewno\u015bci\u0105 b\u0119dzie przyjemna.<\/p>\n<p>Bus to r\u00f3wnie\u017c zdecydowanie wy\u017cszy komfort podr\u00f3\u017cowania (w por\u00f3wnaniu na przyk\u0142ad z samochodem osobowym). Tego typu pojazdy oferuj\u0105 znacznie wi\u0119ksz\u0105 przestrze\u0144 oraz r\u00f3\u017cnorodne udogodnienia. Nowoczesne busy s\u0105 wyposa\u017cone w rozk\u0142adane fotele i oferuj\u0105 dost\u0119p do internetu. Dobrej jako\u015bci bus posiada r\u00f3wnie\u017c klimatyzacj\u0119.<\/p>\n<p>Co wa\u017cne, wybieraj\u0105c dobrej jako\u015bci firm\u0119, mo\u017cemy mie\u0107 gwarancj\u0119, \u017ce szybko i bezawaryjnie dotrzemy do celu. Warto, oczywi\u015bcie, wybiera\u0107 nowe pojazdy z wa\u017cnym przegl\u0105dem technicznym.<\/p>\n<p>Wygl\u0105da na to, \u017ce wynajem busa to doskona\u0142y spos\u00f3b na bezpieczne, komfortowe i przyjemne podr\u00f3\u017cowanie![\/vc_column_text][\/vc_column][\/vc_row]<\/p>\n","protected":false},"excerpt":{"rendered":"<p>[vc_row_inner][vc_column_inner width=&#8221;1\/2&#8243;][vc_column_text]Jeste\u015bmy firm\u0105 znajduj\u0105c\u0105 si\u0119 w Milan\u00f3wku ko\u0142o Warszawy. W swojej ofercie mamy dla Pa\u0144stwa mo\u017cliwo\u015b\u0107 wynaj\u0119cia wi\u0119kszych aut dla podr\u00f3\u017cuj\u0105cych. Nasza flota to 9-osobowe busy marki Renault Traffic oraz Mercedesy Vito Tourer z automatyczn\u0105 skrzyni\u0105 bieg\u00f3w. Zainwestowali\u015bmy w dobre busy, poniewa\u017c wiemy jak wa\u017cny jest komfort jazdy. Skupili\u015bmy si\u0119 [&hellip;]<\/p>\n","protected":false},"author":1,"featured_media":0,"parent":0,"menu_order":0,"comment_status":"closed","ping_status":"closed","template":"template-fullwidth-wit-container.php","meta":{"footnotes":""},"class_list":["post-7","page","type-page","status-publish","hentry"],"aioseo_notices":[],"_links":{"self":[{"href":"http:\/\/busywynajem.eu\/index.php?rest_route=\/wp\/v2\/pages\/7","targetHints":{"allow":["GET"]}}],"collection":[{"href":"http:\/\/busywynajem.eu\/index.php?rest_route=\/wp\/v2\/pages"}],"about":[{"href":"http:\/\/busywynajem.eu\/index.php?rest_route=\/wp\/v2\/types\/page"}],"author":[{"embeddable":true,"href":"http:\/\/busywynajem.eu\/index.php?rest_route=\/wp\/v2\/users\/1"}],"replies":[{"embeddable":true,"href":"http:\/\/busywynajem.eu\/index.php?rest_route=%2Fwp%2Fv2%2Fcomments&post=7"}],"version-history":[{"count":15,"href":"http:\/\/busywynajem.eu\/index.php?rest_route=\/wp\/v2\/pages\/7\/revisions"}],"predecessor-version":[{"id":601,"href":"http:\/\/busywynajem.eu\/index.php?rest_route=\/wp\/v2\/pages\/7\/revisions\/601"}],"wp:attachment":[{"href":"http:\/\/busywynajem.eu\/index.php?rest_route=%2Fwp%2Fv2%2Fmedia&parent=7"}],"curies":[{"name":"wp","href":"https:\/\/api.w.org\/{rel}","templated":true}]}}