{"id":8,"date":"2017-12-19T22:40:10","date_gmt":"2017-12-19T21:40:10","guid":{"rendered":"http:\/\/wynajem-busow.mediaones.pl\/?page_id=8"},"modified":"2022-05-31T15:47:19","modified_gmt":"2022-05-31T13:47:19","slug":"oferta","status":"publish","type":"page","link":"http:\/\/busywynajem.eu\/?page_id=8","title":{"rendered":"Oferta"},"content":{"rendered":"<p>[vc_row][vc_column width=&#8221;2\/3&#8243;][vc_column_text]<\/p>\n<h2>Wyposa\u017cenie bus\u00f3w na wynajem<\/h2>\n<p>[\/vc_column_text][vc_separator][vc_column_text]<\/p>\n<h4>Wszystkie nasze busy s\u0105 nowe i posiadaj\u0105 komfortowe wyposa\u017canie. W swojej ofercie posiadamy busy marki Renault Traffic oraz Mercedes Vito.<\/h4>\n<p>W naszej ofercie posiadamy luksusowe busy z kt\u00f3rych korzystaj\u0105 zorganizowane grupy sportowe, firmy oraz klienci indywidualni. Wynajem bus\u00f3w 9-cio osobowych prowadzimy na terenie Warszawy i okolic, a siedzib\u0119 firmy prowadzimy w mie\u015bcie Milan\u00f3wek. Busy zawsze otrzymuj\u0105 Pa\u0144stwo do dyspozycji w stanie od\u015bwie\u017conym, auta s\u0105 umyte i gotowe do drogi. Oferujemy mo\u017cliwo\u015b\u0107 odbioru busa w um\u00f3wionym i dogodnym miejscu dla Pa\u0144stwa. Przyjemno\u015b\u0107 jazdy nowymi busami marki Renault oraz marki Mercedes jest niepodwa\u017calna. Samochody s\u0105 \u015bwietnie wyposa\u017cone, intuicyjne dla kierowcy i u\u0142atwiaj\u0105 manewry. Busy s\u0105 systematycznie serwisowane w autoryzowanych punktach obs\u0142ugi firmy Mercedes oraz Renault. Posiadamy pe\u0142n\u0105 dokumentacj\u0119 z przegl\u0105d\u00f3w serwisowych.<\/p>\n<p>Posiadamy dwie marki bus\u00f3w z uwagi na r\u00f3\u017cne preferencje naszych klient\u00f3w, ka\u017cdy znajdzie busa na swoje potrzeby. Nasza firma oferuje mo\u017cliwo\u015b\u0107 wynaj\u0119cia busa z kierowc\u0105.<\/p>\n<p>Oto specyfikacja naszych bus\u00f3w na wynajem:<\/p>\n<h4><strong>1. Renault Traffic<\/strong><\/h4>\n<p>Marka: Renault<br \/>\nModel: Traffic<\/p>\n<h3><span style=\"text-decoration: underline;\"><strong>Wyposa\u017cenie:<\/strong><\/span><\/h3>\n<ul>\n<li>klimatyzacja,<\/li>\n<li>tempomat,<\/li>\n<li>nawigacja,<\/li>\n<li>kamera cofania,<\/li>\n<li>czujniki parkowania ty\u0142,<\/li>\n<li>sk\u00f3rzana wielofunkcyjna kierownica,<\/li>\n<li>\u015bwiat\u0142a do jazdy dziennej LED,<\/li>\n<li>klimatyzowana przestrze\u0144 pasa\u017cerska,<\/li>\n<li>przyciemnione szyby,<\/li>\n<li>zestaw g\u0142o\u015bnom\u00f3wi\u0105cy,<\/li>\n<li>z\u0142\u0105cze USB,<\/li>\n<li>mo\u017cliwo\u015b\u0107 udost\u0119pniania muzyki z telefonu przez Bluetooth<\/li>\n<\/ul>\n<p>[\/vc_column_text][vc_column_text]<\/p>\n<h4>2. Mercedes-Benz<\/h4>\n<p>Marka: Mercedes-Benz<br \/>\nModel: VITO 116 VTP\/E<br \/>\nIlo\u015b\u0107 miejsc: 8 osobowy<br \/>\nRok produkcji: 2019<br \/>\nLakier: Brylantowosrebrny metalik<br \/>\nSilnik: 163 KM<\/p>\n<h3><span style=\"text-decoration: underline;\"><strong>Wyposa\u017cenie:<\/strong><\/span><\/h3>\n<ul>\n<li>automatyczna skrzynia bieg\u00f3w<\/li>\n<li>klimatyzacja automatyczna,<\/li>\n<li>tempomat,<\/li>\n<li>nawigacja,<\/li>\n<li>kamera cofania,<\/li>\n<li>asystent ruszania<\/li>\n<li>przyciemniane szyby<\/li>\n<li>czujnik deszczu<\/li>\n<li>czujniki parkowania ty\u0142,<\/li>\n<li>automatyczny uk\u0142ad w\u0142\u0105czania \u015bwiate\u0142<\/li>\n<li>o\u015bwietlenie wn\u0119trza z ty\u0142u<\/li>\n<li>funkcja START\/STOP &#8222;plus&#8221;<\/li>\n<li>tempomat<\/li>\n<li>ko\u0142o zapasowe<\/li>\n<li>system kontroli ogumienia<\/li>\n<li>poduszki powietrzne<\/li>\n<\/ul>\n<p>[\/vc_column_text][\/vc_column][vc_column width=&#8221;1\/3&#8243;][vc_column_text]<\/p>\n<h2>Pliki do pobrania<\/h2>\n<p>[\/vc_column_text][vc_separator][vc_btn title=&#8221;Umowa najmu samochodu&#8221; color=&#8221;orange&#8221; link=&#8221;url:https%3A%2F%2Fbusywynajem.eu%2Fwp-content%2Fuploads%2F2022%2F04%2Fumowa-najmu-samochodu.pdf|target:_blank&#8221;][vc_column_text]<\/p>\n<h2>Rezerwacja<\/h2>\n<p>[\/vc_column_text][vc_separator][vc_column_text]<a href=\"https:\/\/busywynajem.eu\/jak-zarezerwowac-naszego-busa\/\">Zobacz jak zarezerwowa\u0107 busa<\/a>[\/vc_column_text][\/vc_column][\/vc_row]<\/p>\n","protected":false},"excerpt":{"rendered":"<p>[vc_separator][vc_column_text] Wszystkie nasze busy s\u0105 nowe i posiadaj\u0105 komfortowe wyposa\u017canie. W swojej ofercie posiadamy busy marki Renault Traffic oraz Mercedes Vito. W naszej ofercie posiadamy luksusowe busy z kt\u00f3rych korzystaj\u0105 zorganizowane grupy sportowe, firmy oraz klienci indywidualni. Wynajem bus\u00f3w 9-cio osobowych prowadzimy na terenie Warszawy i okolic, a siedzib\u0119 [&hellip;]<\/p>\n","protected":false},"author":1,"featured_media":0,"parent":0,"menu_order":0,"comment_status":"closed","ping_status":"closed","template":"template-fullwidth-wit-container.php","meta":{"footnotes":""},"class_list":["post-8","page","type-page","status-publish","hentry"],"aioseo_notices":[],"_links":{"self":[{"href":"http:\/\/busywynajem.eu\/index.php?rest_route=\/wp\/v2\/pages\/8","targetHints":{"allow":["GET"]}}],"collection":[{"href":"http:\/\/busywynajem.eu\/index.php?rest_route=\/wp\/v2\/pages"}],"about":[{"href":"http:\/\/busywynajem.eu\/index.php?rest_route=\/wp\/v2\/types\/page"}],"author":[{"embeddable":true,"href":"http:\/\/busywynajem.eu\/index.php?rest_route=\/wp\/v2\/users\/1"}],"replies":[{"embeddable":true,"href":"http:\/\/busywynajem.eu\/index.php?rest_route=%2Fwp%2Fv2%2Fcomments&post=8"}],"version-history":[{"count":32,"href":"http:\/\/busywynajem.eu\/index.php?rest_route=\/wp\/v2\/pages\/8\/revisions"}],"predecessor-version":[{"id":670,"href":"http:\/\/busywynajem.eu\/index.php?rest_route=\/wp\/v2\/pages\/8\/revisions\/670"}],"wp:attachment":[{"href":"http:\/\/busywynajem.eu\/index.php?rest_route=%2Fwp%2Fv2%2Fmedia&parent=8"}],"curies":[{"name":"wp","href":"https:\/\/api.w.org\/{rel}","templated":true}]}}