{"id":9,"date":"2017-12-19T22:40:15","date_gmt":"2017-12-19T21:40:15","guid":{"rendered":"http:\/\/wynajem-busow.mediaones.pl\/?page_id=9"},"modified":"2026-02-12T10:09:44","modified_gmt":"2026-02-12T09:09:44","slug":"cennik","status":"publish","type":"page","link":"http:\/\/busywynajem.eu\/?page_id=9","title":{"rendered":"Cennik"},"content":{"rendered":"<p>[vc_row][vc_column][vc_custom_heading text=&#8221;CENNIK WYNAJMU BUSA&#8221; font_container=&#8221;tag:h2|text_align:center&#8221; google_fonts=&#8221;font_family:Open%20Sans%3A300%2C300italic%2Cregular%2Citalic%2C600%2C600italic%2C700%2C700italic%2C800%2C800italic|font_style:400%20regular%3A400%3Anormal&#8221; css=&#8221;.vc_custom_1550740776478{margin-top: -15px !important;margin-bottom: 15px !important;padding-bottom: 20px !important;}&#8221;][vc_column_text]<\/p>\n<table style=\"border: 1px solid black; border-collapse: collapse;\">\n<tbody style=\"border: 1px solid black;\">\n<tr style=\"border: 1px solid black;\">\n<td><strong>Samoch\u00f3d<\/strong><\/td>\n<td style=\"text-align: center; border: 1px solid black;\"><strong>1-4 dni<\/strong><\/td>\n<td style=\"text-align: center; border: 1px solid black;\"><strong>5-9 dni<\/strong><\/td>\n<td style=\"text-align: center; border: 1px solid black;\"><strong>10-14 dni<\/strong><\/td>\n<td style=\"text-align: center; border: 1px solid black;\"><strong>powy\u017cej 14 dni<\/strong><\/td>\n<td style=\"text-align: center; border: 1px solid black;\"><strong>ca\u0142y miesi\u0105c<\/strong><\/td>\n<\/tr>\n<tr style=\"border: 1px solid black;\">\n<td>Renault Traffic<\/td>\n<td style=\"text-align: center; border: 1px solid black;\">380 z\u0142<\/td>\n<td style=\"text-align: center; border: 1px solid black;\">330 z\u0142<\/td>\n<td style=\"text-align: center; border: 1px solid black;\">280 z\u0142<\/td>\n<td style=\"text-align: center; border: 1px solid black;\">do negocjacji<\/td>\n<td style=\"text-align: center; border: 1px solid black;\">7 500 z\u0142<\/td>\n<\/tr>\n<\/tbody>\n<\/table>\n<p>[\/vc_column_text][vc_row_inner][vc_column_inner width=&#8221;2\/3&#8243;][vc_column_text]<\/p>\n<h2>Rezerwacja busa<\/h2>\n<p>[\/vc_column_text][vc_separator][vc_column_text]<\/p>\n<h4><a href=\"https:\/\/busywynajem.eu\/jak-zarezerwowac-naszego-busa\/\">Kliknij i zobacz jak zarezerwowa\u0107 busa<\/a><\/h4>\n<p>[\/vc_column_text][vc_empty_space][vc_column_text]<\/p>\n<h2>Informacje dodatkowe<\/h2>\n<p>[\/vc_column_text][vc_separator][vc_column_text]<\/p>\n<h3><strong>Us\u0142uga &#8222;door to door<\/strong>\u00a0<strong>&#8221; (podstawienie i odbi\u00f3r u Klienta) &#8211; od 100 z\u0142<\/strong><\/h3>\n<p>[\/vc_column_text][vc_separator][vc_column_text]<\/p>\n<h3><\/h3>\n<h3><strong>W przypadku zwrotu brudnego auta umycie i wyczyszczenie pojazdu po eksploatacji &#8211; od 150 z\u0142<\/strong><\/h3>\n<p>[\/vc_column_text][vc_separator][vc_column_text]<em><strong>Negocjujemy ceny indywidualnie z ka\u017cdym klientem !!!!<\/strong><\/em><\/p>\n<p>Przy\u00a0 powy\u017cszych cenach obowi\u0105zuje limit kilometr\u00f3w 300 km\/dzie\u0144 .<br \/>\nDop\u0142ata za ka\u017cdy kilometr powy\u017cej limitu &#8211; 0.55 z\u0142<br \/>\nStawka dobowa bez limitu kilometr\u00f3w &#8211; 800z\u0142[\/vc_column_text][vc_separator][vc_column_text]<\/p>\n<h3><strong>Przy wynajmie obowi\u0105zuje wp\u0142ata kaucji zwrotnej: <\/strong><\/h3>\n<ul>\n<li><strong>w wysoko\u015bci 1500 z\u0142 w przypadku Renault Trafic<\/strong><\/li>\n<\/ul>\n<p>[\/vc_column_text][vc_separator][vc_column_text]<strong>SPOS\u00d3B ROZLICZENIA:<\/strong> GOT\u00d3WKA\/ LUB\u00a0 PRZEDP\u0141ATA NA KONTO:<\/p>\n<p><strong>Numer Konta Bankowego:<\/strong>\u00a0\u00a0\u00a082 1050 1924 1000 0090 9166 2859<\/p>\n<p><strong>Wszystkie ceny s\u0105 cenami brutto.<\/strong>[\/vc_column_text][\/vc_column_inner][vc_column_inner width=&#8221;1\/3&#8243;][vc_single_image image=&#8221;712&#8243; img_size=&#8221;&#8221; alignment=&#8221;center&#8221;][vc_single_image image=&#8221;639&#8243; img_size=&#8221;&#8221; alignment=&#8221;center&#8221;][vc_single_image image=&#8221;663&#8243; img_size=&#8221;&#8221; alignment=&#8221;center&#8221;][\/vc_column_inner][\/vc_row_inner][\/vc_column][\/vc_row]<\/p>\n","protected":false},"excerpt":{"rendered":"<p>[vc_separator][vc_column_text] Us\u0142uga &#8222;door [&hellip;]<\/p>\n","protected":false},"author":1,"featured_media":0,"parent":0,"menu_order":0,"comment_status":"closed","ping_status":"closed","template":"template-fullwidth-wit-container.php","meta":{"footnotes":""},"class_list":["post-9","page","type-page","status-publish","hentry"],"aioseo_notices":[],"_links":{"self":[{"href":"http:\/\/busywynajem.eu\/index.php?rest_route=\/wp\/v2\/pages\/9","targetHints":{"allow":["GET"]}}],"collection":[{"href":"http:\/\/busywynajem.eu\/index.php?rest_route=\/wp\/v2\/pages"}],"about":[{"href":"http:\/\/busywynajem.eu\/index.php?rest_route=\/wp\/v2\/types\/page"}],"author":[{"embeddable":true,"href":"http:\/\/busywynajem.eu\/index.php?rest_route=\/wp\/v2\/users\/1"}],"replies":[{"embeddable":true,"href":"http:\/\/busywynajem.eu\/index.php?rest_route=%2Fwp%2Fv2%2Fcomments&post=9"}],"version-history":[{"count":58,"href":"http:\/\/busywynajem.eu\/index.php?rest_route=\/wp\/v2\/pages\/9\/revisions"}],"predecessor-version":[{"id":734,"href":"http:\/\/busywynajem.eu\/index.php?rest_route=\/wp\/v2\/pages\/9\/revisions\/734"}],"wp:attachment":[{"href":"http:\/\/busywynajem.eu\/index.php?rest_route=%2Fwp%2Fv2%2Fmedia&parent=9"}],"curies":[{"name":"wp","href":"https:\/\/api.w.org\/{rel}","templated":true}]}}